{"id":362,"date":"2021-08-26T13:40:11","date_gmt":"2021-08-26T13:40:11","guid":{"rendered":"https:\/\/coolman-gmbh.de\/?page_id=362"},"modified":"2026-02-06T20:27:50","modified_gmt":"2026-02-06T20:27:50","slug":"contact","status":"publish","type":"page","link":"https:\/\/coolman-gmbh.de\/en\/contact\/","title":{"rendered":"Contact"},"content":{"rendered":"<p>[et_pb_section fb_built=&#8220;1&#8243; custom_padding_last_edited=&#8220;on|phone&#8220; _builder_version=&#8220;4.19.2&#8243; _module_preset=&#8220;default&#8220; custom_padding=&#8220;60px||60px||true|false&#8220; custom_padding_tablet=&#8220;100px||100px||true|false&#8220; custom_padding_phone=&#8220;60px||20px||false|false&#8220; hover_enabled=&#8220;0&#8243; global_colors_info=&#8220;{}&#8220; sticky_enabled=&#8220;0&#8243;][et_pb_row custom_padding_last_edited=&#8220;on|phone&#8220; _builder_version=&#8220;4.19.2&#8243; _module_preset=&#8220;default&#8220; custom_padding=&#8220;50px|50px|50px|50px|true|true&#8220; custom_padding_tablet=&#8220;|30px||30px|true|true&#8220; custom_padding_phone=&#8220;20px|25px|34px|25px|false|true&#8220; hover_enabled=&#8220;0&#8243; global_colors_info=&#8220;{}&#8220; sticky_enabled=&#8220;0&#8243; width_last_edited=&#8220;on|phone&#8220; width_phone=&#8220;100%&#8220; module_alignment=&#8220;center&#8220; module_alignment_last_edited=&#8220;on|phone&#8220; module_alignment_phone=&#8220;&#8220; module_alignment_tablet=&#8220;center&#8220;][et_pb_column type=&#8220;4_4&#8243; _builder_version=&#8220;4.19.2&#8243; _module_preset=&#8220;default&#8220; global_colors_info=&#8220;{}&#8220;][et_pb_text _builder_version=&#8220;4.19.2&#8243; _module_preset=&#8220;default&#8220; text_font=&#8220;Poppins||||||||&#8220; text_text_color=&#8220;#000000&#8243; text_font_size=&#8220;33px&#8220; header_font=&#8220;Poppins|700|||||||&#8220; header_text_color=&#8220;#000000&#8243; header_font_size=&#8220;70px&#8220; text_orientation=&#8220;center&#8220; hover_enabled=&#8220;0&#8243; header_font_size_tablet=&#8220;52px&#8220; header_font_size_phone=&#8220;30px&#8220; header_font_size_last_edited=&#8220;on|phone&#8220; header_line_height_tablet=&#8220;&#8220; header_line_height_phone=&#8220;1.3em&#8220; header_line_height_last_edited=&#8220;on|desktop&#8220; global_colors_info=&#8220;{}&#8220; header_text_align_last_edited=&#8220;on|phone&#8220; header_text_align_phone=&#8220;left&#8220; sticky_enabled=&#8220;0&#8243; custom_margin=&#8220;||16px|||&#8220;]<\/p>\n<h1>Let\u2019s Keep You <span style=\"color: #009fcf;\">Cool<\/span><\/h1>\n<p>[\/et_pb_text][et_pb_text content_tablet=&#8220;<\/p>\n<p>Haben Sie Fragen oder ben\u00f6tigen Sie ein Angebot? Kontaktieren Sie uns f\u00fcr zuverl\u00e4ssige Dienstleistungen in den Bereichen Klimaanlagen, K\u00e4ltetechnik und W\u00e4rmepumpen.<\/p>\n<p>&#8220; content_phone=&#8220;<\/p>\n<p>Haben Sie Fragen oder ben\u00f6tigen Sie ein Angebot? Kontaktieren Sie uns f\u00fcr zuverl\u00e4ssige Dienstleistungen in den Bereichen Klimaanlagen, K\u00e4ltetechnik und W\u00e4rmepumpen.<\/p>\n<p>&#8220; content_last_edited=&#8220;on|tablet&#8220; _builder_version=&#8220;4.19.2&#8243; _module_preset=&#8220;default&#8220; text_font=&#8220;Inter||||||||&#8220; text_text_color=&#8220;#666666&#8243; text_font_size=&#8220;17px&#8220; text_orientation=&#8220;center&#8220; module_alignment=&#8220;center&#8220; hover_enabled=&#8220;0&#8243; global_colors_info=&#8220;{}&#8220; text_font_size_last_edited=&#8220;on|phone&#8220; text_font_size_phone=&#8220;14px&#8220; sticky_enabled=&#8220;0&#8243; custom_padding_last_edited=&#8220;on|desktop&#8220; max_width_last_edited=&#8220;on|tablet&#8220; max_width=&#8220;60%&#8220; text_orientation_last_edited=&#8220;on|desktop&#8220; text_orientation_phone=&#8220;left&#8220; max_width_phone=&#8220;100%&#8220; max_width_tablet=&#8220;100%&#8220; text_font_size_tablet=&#8220;17px&#8220; text_orientation_tablet=&#8220;center&#8220;]<\/p>\n<p>Haben Sie Fragen oder ben\u00f6tigen Sie ein Angebot? Kontaktieren Sie uns f\u00fcr zuverl\u00e4ssige Dienstleistungen in den Bereichen Klimaanlagen, K\u00e4ltetechnik und W\u00e4rmepumpen.<\/p>\n<p>[\/et_pb_text][\/et_pb_column][\/et_pb_row][\/et_pb_section][et_pb_section fb_built=&#8220;1&#8243; _builder_version=&#8220;4.19.2&#8243; _module_preset=&#8220;default&#8220; background_color=&#8220;#f2f2f2&#8243; hover_enabled=&#8220;0&#8243; global_colors_info=&#8220;{}&#8220; sticky_enabled=&#8220;0&#8243; custom_padding_last_edited=&#8220;on|phone&#8220; custom_padding_phone=&#8220;10px||||false|false&#8220;][et_pb_row column_structure=&#8220;1_2,1_2&#8243; custom_padding_last_edited=&#8220;on|desktop&#8220; _builder_version=&#8220;4.19.2&#8243; _module_preset=&#8220;default&#8220; custom_padding=&#8220;50px||50px||true|false&#8220; custom_padding_tablet=&#8220;50px||50px||true|false&#8220; custom_padding_phone=&#8220;10px|25px|10px|25px|true|true&#8220; hover_enabled=&#8220;0&#8243; global_colors_info=&#8220;{}&#8220; sticky_enabled=&#8220;0&#8243; width__hover_enabled=&#8220;off|desktop&#8220; width_last_edited=&#8220;on|phone&#8220; width_phone=&#8220;100%&#8220;][et_pb_column type=&#8220;1_2&#8243; _builder_version=&#8220;4.19.2&#8243; _module_preset=&#8220;default&#8220; global_colors_info=&#8220;{}&#8220;][et_pb_text admin_label=&#8220;Title&#8220; _builder_version=&#8220;4.19.2&#8243; text_font=&#8220;Inter||||||||&#8220; header_5_font=&#8220;Poppins|700|||||||&#8220; header_5_text_color=&#8220;#000000&#8243; header_5_letter_spacing=&#8220;-0.4px&#8220; custom_margin=&#8220;|||&#8220; custom_padding=&#8220;30px||||false|false&#8220; custom_padding_tablet=&#8220;0px|10%||70px&#8220; custom_padding_phone=&#8220;0px|10%||50px&#8220; custom_padding_last_edited=&#8220;off|desktop&#8220; hover_enabled=&#8220;0&#8243; header_5_font_size_tablet=&#8220;&#8220; header_5_font_size_phone=&#8220;23px&#8220; header_5_font_size_last_edited=&#8220;on|desktop&#8220; global_colors_info=&#8220;{}&#8220; sticky_enabled=&#8220;0&#8243; header_5_line_height_last_edited=&#8220;on|phone&#8220; header_5_letter_spacing_last_edited=&#8220;on|phone&#8220; header_5_line_height_phone=&#8220;1.5em&#8220; header_5_letter_spacing_tablet=&#8220;-0.4px&#8220; header_5_letter_spacing_phone=&#8220;-0.4px&#8220;]<\/p>\n<h5>Senden Sie uns eine Nachricht<\/h5>\n<p>F\u00fcllen Sie das Formular aus, wir melden uns umgehend bei Ihnen.<\/p>\n<p>[\/et_pb_text][dsm_contact_form_7 cf7_library=&#8220;26242&#8243; show_validation=&#8220;on&#8220; button_alignment=&#8220;left&#8220; input_background_color=&#8220;#e8e8e8&#8243; module_class=&#8220;contact-form&#8220; _builder_version=&#8220;4.19.2&#8243; _module_preset=&#8220;default&#8220; labels_font=&#8220;Inter||||||||&#8220; labels_text_color=&#8220;#000000&#8243; labels_line_height=&#8220;2.3em&#8220; input_textarea_select_font=&#8220;Inter||||||||&#8220; input_textarea_select_text_color=&#8220;#000000&#8243; error_msg_font=&#8220;Inter||||||||&#8220; error_validation_font=&#8220;Inter||||||||&#8220; success_validation_font=&#8220;Inter||||||||&#8220; background_color=&#8220;#FFFFFF&#8220; custom_button_one=&#8220;on&#8220; button_one_text_size=&#8220;20px&#8220; button_one_text_color=&#8220;#FFFFFF&#8220; button_one_bg_color=&#8220;#009fcf&#8220; button_one_border_width=&#8220;0px&#8220; button_one_border_radius=&#8220;10px&#8220; button_one_letter_spacing=&#8220;0px&#8220; button_one_font=&#8220;Inter|600|||||||&#8220; button_one_icon=&#8220;&#xf3e5;||fa||900&#8243; button_one_icon_color=&#8220;#FFFFFF&#8220; button_one_on_hover=&#8220;off&#8220; button_one_custom_padding=&#8220;|80px||60px|false|false&#8220; button_one_custom_padding_tablet=&#8220;6px|80px|6px|60px|true|false&#8220; button_one_custom_padding_phone=&#8220;6px|40px|6px|20px|true|false&#8220; button_one_custom_padding_last_edited=&#8220;on|phone&#8220; transform_translate_linked__hover=&#8220;off&#8220; custom_padding=&#8220;40px|40px|40px|40px|true|true&#8220; button_one_text_size_tablet=&#8220;20px&#8220; button_one_text_size_phone=&#8220;18px&#8220; button_one_text_size_last_edited=&#8220;on|desktop&#8220; border_radii=&#8220;on|15px|15px|15px|15px&#8220; border_width_all=&#8220;1px&#8220; border_color_all=&#8220;#D6D6D6&#8243; border_radii_image=&#8220;on|10px|10px|10px|10px&#8220; border_width_all_image=&#8220;0.4px&#8220; border_color_all_image=&#8220;#D6D6D6&#8243; box_shadow_style=&#8220;preset1&#8243; box_shadow_blur=&#8220;4px&#8220; global_colors_info=&#8220;{}&#8220; button_one_text_size__hover_enabled=&#8220;off|desktop&#8220; button_one_bg_color__hover_enabled=&#8220;on|hover&#8220; button_one_bg_color__hover=&#8220;#33b3da&#8220; button_one_bg_enable_color__hover=&#8220;on&#8220; transform_styles__hover_enabled=&#8220;on|hover&#8220; transform_scale__hover_enabled=&#8220;on|hover&#8220; transform_translate__hover_enabled=&#8220;on|desktop&#8220; transform_rotate__hover_enabled=&#8220;on|desktop&#8220; transform_skew__hover_enabled=&#8220;on|desktop&#8220; transform_origin__hover_enabled=&#8220;on|desktop&#8220; transform_translate__hover=&#8220;0px|-2px&#8220;][\/dsm_contact_form_7][\/et_pb_column][et_pb_column type=&#8220;1_2&#8243; _builder_version=&#8220;4.19.2&#8243; _module_preset=&#8220;default&#8220; global_colors_info=&#8220;{}&#8220;][et_pb_text admin_label=&#8220;Title&#8220; _builder_version=&#8220;4.19.2&#8243; text_font=&#8220;Inter||||||||&#8220; header_5_font=&#8220;Poppins|700|||||||&#8220; header_5_text_color=&#8220;#000000&#8243; header_5_letter_spacing=&#8220;-0.4px&#8220; custom_margin=&#8220;|||&#8220; custom_padding=&#8220;30px||||false|false&#8220; header_5_font_size_tablet=&#8220;&#8220; header_5_font_size_phone=&#8220;23px&#8220; header_5_font_size_last_edited=&#8220;on|desktop&#8220; global_colors_info=&#8220;{}&#8220; header_5_letter_spacing_last_edited=&#8220;on|phone&#8220; header_5_line_height_phone=&#8220;1.5em&#8220; header_5_line_height_last_edited=&#8220;on|phone&#8220; header_5_letter_spacing_tablet=&#8220;-0.4px&#8220; header_5_letter_spacing_phone=&#8220;-0.4px&#8220;]<\/p>\n<h5>Kontaktinformationen<\/h5>\n<p>Nehmen Sie \u00fcber einen dieser Kan\u00e4le direkt Kontakt mit uns auf.<\/p>\n<p>[\/et_pb_text][et_pb_blurb title=&#8220;E-Mail&#8220; use_icon=&#8220;on&#8220; font_icon=&#8220;&#xe076;||divi||400&#8243; icon_color=&#8220;#009fcf&#8220; image_icon_background_color=&#8220;rgba(0,159,207,0.13)&#8220; icon_placement=&#8220;left&#8220; image_icon_width=&#8220;29px&#8220; image_icon_width_tablet=&#8220;29px&#8220; image_icon_width_phone=&#8220;23px&#8220; image_icon_width_last_edited=&#8220;on|phone&#8220; _builder_version=&#8220;4.19.2&#8243; _module_preset=&#8220;default&#8220; header_level=&#8220;h6&#8243; header_font=&#8220;Poppins|600|||||||&#8220; header_text_align=&#8220;left&#8220; header_text_color=&#8220;#000000&#8243; header_font_size=&#8220;20px&#8220; header_letter_spacing=&#8220;0.5px&#8220; body_font=&#8220;Inter||||||||&#8220; background_color=&#8220;#FFFFFF&#8220; image_icon_custom_padding=&#8220;10px|10px|10px|10px|true|true&#8220; min_height=&#8220;130px&#8220; height_tablet=&#8220;&#8220; height_phone=&#8220;&#8220; height_last_edited=&#8220;on|desktop&#8220; custom_padding=&#8220;18px|18px|18px|18px|true|true&#8220; custom_padding_tablet=&#8220;18px|18px|18px|18px|true|true&#8220; custom_padding_phone=&#8220;18px|18px|18px|18px|true|true&#8220; custom_padding_last_edited=&#8220;on|desktop&#8220; border_radii=&#8220;on|15px|15px|15px|15px&#8220; border_width_all=&#8220;1px&#8220; border_color_all=&#8220;#D6D6D6&#8243; border_radii_image=&#8220;on|10px|10px|10px|10px&#8220; box_shadow_style=&#8220;preset1&#8243; box_shadow_blur=&#8220;4px&#8220; global_colors_info=&#8220;{}&#8220;]<\/p>\n<p><span style=\"color: #2ea3f2; font-size: medium;\"><a href=\"mailto:info@coolman-gmbh.de\" style=\"color: #2ea3f2;\">info@coolman-gmbh.de<\/a><\/span><\/p>\n<p>f\u00fcr allgemeine Anfragen<\/p>\n<p>[\/et_pb_blurb][et_pb_blurb title=&#8220;Phone&#8220; use_icon=&#8220;on&#8220; font_icon=&#8220;&#xe090;||divi||400&#8243; icon_color=&#8220;#009fcf&#8220; image_icon_background_color=&#8220;rgba(0,159,207,0.13)&#8220; icon_placement=&#8220;left&#8220; image_icon_width=&#8220;29px&#8220; image_icon_width_tablet=&#8220;29px&#8220; image_icon_width_phone=&#8220;23px&#8220; image_icon_width_last_edited=&#8220;on|phone&#8220; _builder_version=&#8220;4.19.2&#8243; _module_preset=&#8220;default&#8220; header_level=&#8220;h6&#8243; header_font=&#8220;Poppins|600|||||||&#8220; header_text_align=&#8220;left&#8220; header_text_color=&#8220;#000000&#8243; header_font_size=&#8220;20px&#8220; header_letter_spacing=&#8220;0.5px&#8220; body_font=&#8220;Inter||||||||&#8220; background_color=&#8220;#FFFFFF&#8220; image_icon_custom_padding=&#8220;10px|10px|10px|10px|true|true&#8220; min_height=&#8220;130px&#8220; height_tablet=&#8220;&#8220; height_phone=&#8220;&#8220; height_last_edited=&#8220;on|desktop&#8220; custom_padding=&#8220;18px|18px|18px|18px|true|true&#8220; custom_padding_tablet=&#8220;18px|18px|18px|18px|true|true&#8220; custom_padding_phone=&#8220;18px|18px|18px|18px|true|true&#8220; custom_padding_last_edited=&#8220;on|desktop&#8220; border_radii=&#8220;on|15px|15px|15px|15px&#8220; border_width_all=&#8220;1px&#8220; border_color_all=&#8220;#D6D6D6&#8243; border_radii_image=&#8220;on|10px|10px|10px|10px&#8220; box_shadow_style=&#8220;preset1&#8243; box_shadow_blur=&#8220;4px&#8220; global_colors_info=&#8220;{}&#8220;]<\/p>\n<p><span style=\"color: #000000; font-size: medium;\">+49 621 83 <span style=\"text-decoration: underline;\">26<\/span> 25 00<\/span><\/p>\n<p>Montag\u2013Freitag, 8:00\u201317:00 Uhr<\/p>\n<p>[\/et_pb_blurb][et_pb_blurb title=&#8220;B\u00fcro&#8220; use_icon=&#8220;on&#8220; font_icon=&#8220;&#xf3c5;||fa||900&#8243; icon_color=&#8220;#009fcf&#8220; image_icon_background_color=&#8220;rgba(0,159,207,0.13)&#8220; icon_placement=&#8220;left&#8220; image_icon_width=&#8220;29px&#8220; image_icon_width_tablet=&#8220;29px&#8220; image_icon_width_phone=&#8220;23px&#8220; image_icon_width_last_edited=&#8220;on|phone&#8220; _builder_version=&#8220;4.19.2&#8243; _module_preset=&#8220;default&#8220; header_level=&#8220;h6&#8243; header_font=&#8220;Poppins|600|||||||&#8220; header_text_align=&#8220;left&#8220; header_text_color=&#8220;#000000&#8243; header_font_size=&#8220;20px&#8220; header_letter_spacing=&#8220;0.5px&#8220; body_font=&#8220;Inter||||||||&#8220; background_color=&#8220;#FFFFFF&#8220; image_icon_custom_padding=&#8220;10px|10px|10px|10px|true|true&#8220; min_height=&#8220;130px&#8220; height_tablet=&#8220;&#8220; height_phone=&#8220;&#8220; height_last_edited=&#8220;on|desktop&#8220; custom_padding=&#8220;18px|18px|18px|18px|true|true&#8220; custom_padding_tablet=&#8220;18px|18px|18px|18px|true|true&#8220; custom_padding_phone=&#8220;18px|18px|18px|18px|true|true&#8220; custom_padding_last_edited=&#8220;on|desktop&#8220; border_radii=&#8220;on|15px|15px|15px|15px&#8220; border_width_all=&#8220;1px&#8220; border_color_all=&#8220;#D6D6D6&#8243; border_radii_image=&#8220;on|10px|10px|10px|10px&#8220; box_shadow_style=&#8220;preset1&#8243; box_shadow_blur=&#8220;4px&#8220; global_colors_info=&#8220;{}&#8220;]<\/p>\n<p><span class=\"selectable-text copyable-text\">Fruchtbahnhofstra\u00dfe 8<br \/><\/span><span class=\"selectable-text copyable-text\">68163, Mannheim, Baden-W\u00fcrttemberg<\/span><\/p>\n<p>[\/et_pb_blurb][et_pb_blurb title=&#8220;Gesch\u00e4ftszeiten&#8220; use_icon=&#8220;on&#8220; font_icon=&#8220;&#xf017;||fa||900&#8243; icon_color=&#8220;#009fcf&#8220; image_icon_background_color=&#8220;rgba(0,159,207,0.13)&#8220; icon_placement=&#8220;left&#8220; image_icon_width=&#8220;29px&#8220; image_icon_width_tablet=&#8220;29px&#8220; image_icon_width_phone=&#8220;23px&#8220; image_icon_width_last_edited=&#8220;on|phone&#8220; _builder_version=&#8220;4.19.2&#8243; _module_preset=&#8220;default&#8220; header_level=&#8220;h6&#8243; header_font=&#8220;Poppins|600|||||||&#8220; header_text_align=&#8220;left&#8220; header_text_color=&#8220;#000000&#8243; header_font_size=&#8220;20px&#8220; header_letter_spacing=&#8220;0.5px&#8220; body_font=&#8220;Inter||||||||&#8220; background_color=&#8220;#FFFFFF&#8220; image_icon_custom_padding=&#8220;10px|10px|10px|10px|true|true&#8220; min_height=&#8220;130px&#8220; height_tablet=&#8220;&#8220; height_phone=&#8220;&#8220; height_last_edited=&#8220;on|desktop&#8220; custom_padding=&#8220;18px|18px|18px|18px|true|true&#8220; custom_padding_tablet=&#8220;18px|18px|18px|18px|true|true&#8220; custom_padding_phone=&#8220;18px|18px|18px|18px|true|true&#8220; custom_padding_last_edited=&#8220;on|desktop&#8220; border_radii=&#8220;on|15px|15px|15px|15px&#8220; border_width_all=&#8220;1px&#8220; border_color_all=&#8220;#D6D6D6&#8243; border_radii_image=&#8220;on|10px|10px|10px|10px&#8220; box_shadow_style=&#8220;preset1&#8243; box_shadow_blur=&#8220;4px&#8220; global_colors_info=&#8220;{}&#8220;]<\/p>\n<p>Montag\u2013Freitag, 8:00\u201317:00 Uhr<\/p>\n<p>[\/et_pb_blurb][\/et_pb_column][\/et_pb_row][\/et_pb_section][et_pb_section fb_built=&#8220;1&#8243; fullwidth=&#8220;on&#8220; _builder_version=&#8220;4.16&#8243; _module_preset=&#8220;default&#8220; global_colors_info=&#8220;{}&#8220;][et_pb_fullwidth_code _builder_version=&#8220;4.18.0&#8243; _module_preset=&#8220;default&#8220; global_colors_info=&#8220;{}&#8220;]<iframe src=\"https:\/\/www.google.com\/maps\/embed?pb=!1m18!1m12!1m3!1d2591.841629379535!2d8.4521837!3d49.4874985!2m3!1f0!2f0!3f0!3m2!1i1024!2i768!4f13.1!3m3!1m2!1s0x4797cc3f652ce131%3A0x8f526d29ec6b519e!2sFruchtbahnhofstra%C3%9Fe%208%2C%2068159%20Mannheim%2C%20Germany!5e0!3m2!1sen!2spl!4v1670160267972!5m2!1sen!2spl\" width=\"100%\" height=\"550\" style=\"border:0;\" allowfullscreen=\"\" loading=\"lazy\"><\/iframe>[\/et_pb_fullwidth_code][\/et_pb_section]<\/p>","protected":false},"excerpt":{"rendered":"<p>Let\u2019s Keep You CoolHaben Sie Fragen oder ben\u00f6tigen Sie ein Angebot? Kontaktieren Sie uns f\u00fcr zuverl\u00e4ssige Dienstleistungen in den Bereichen Klimaanlagen, K\u00e4ltetechnik und W\u00e4rmepumpen.Senden Sie uns eine Nachricht F\u00fcllen Sie das Formular aus, wir melden uns umgehend bei Ihnen.<div class=\"et_pb_module dsm_contact_form_7 dsm_contact_form_7_0 &#8220;contact-form&#8220;\">\n\t\t\t\t\n\t\t\t\t\n\t\t\t\t\n\t\t\t\t\n\t\t\t\t\n\t\t\t\t\n\t\t\t\t<div class=\"et_pb_module_inner\">\n\t\t\t\t\t<div class=\"\">\n\t\t\t\t<p class=\"wpcf7-contact-form-not-found\"><strong>Error:<\/strong> Contact form not found.<\/p>\n\t\t\t<\/div>\n\t\t\t\t<\/div>\n\t\t\t<\/div><\/p>","protected":false},"author":1,"featured_media":0,"parent":0,"menu_order":0,"comment_status":"closed","ping_status":"closed","template":"","meta":{"_et_pb_use_builder":"on","_et_pb_old_content":"","_et_gb_content_width":"","footnotes":""},"class_list":["post-362","page","type-page","status-publish","hentry"],"_links":{"self":[{"href":"https:\/\/coolman-gmbh.de\/en\/wp-json\/wp\/v2\/pages\/362","targetHints":{"allow":["GET"]}}],"collection":[{"href":"https:\/\/coolman-gmbh.de\/en\/wp-json\/wp\/v2\/pages"}],"about":[{"href":"https:\/\/coolman-gmbh.de\/en\/wp-json\/wp\/v2\/types\/page"}],"author":[{"embeddable":true,"href":"https:\/\/coolman-gmbh.de\/en\/wp-json\/wp\/v2\/users\/1"}],"replies":[{"embeddable":true,"href":"https:\/\/coolman-gmbh.de\/en\/wp-json\/wp\/v2\/comments?post=362"}],"version-history":[{"count":46,"href":"https:\/\/coolman-gmbh.de\/en\/wp-json\/wp\/v2\/pages\/362\/revisions"}],"predecessor-version":[{"id":26305,"href":"https:\/\/coolman-gmbh.de\/en\/wp-json\/wp\/v2\/pages\/362\/revisions\/26305"}],"wp:attachment":[{"href":"https:\/\/coolman-gmbh.de\/en\/wp-json\/wp\/v2\/media?parent=362"}],"curies":[{"name":"wp","href":"https:\/\/api.w.org\/{rel}","templated":true}]}}