{"id":381,"date":"2021-08-26T16:11:33","date_gmt":"2021-08-26T16:11:33","guid":{"rendered":"https:\/\/coolman-gmbh.de\/?page_id=381"},"modified":"2022-04-05T14:32:14","modified_gmt":"2022-04-05T14:32:14","slug":"karriere","status":"publish","type":"page","link":"https:\/\/coolman-gmbh.de\/en\/karriere\/","title":{"rendered":"Career"},"content":{"rendered":"<p>[et_pb_section fb_built=&#8220;1&#8243; admin_label=&#8220;Header&#8220; _builder_version=&#8220;4.10.5&#8243; background_color=&#8220;#f8fbfe&#8220; use_background_color_gradient=&#8220;on&#8220; background_color_gradient_start=&#8220;#0b0021&#8243; background_color_gradient_end=&#8220;#7fc2db&#8220; background_color_gradient_direction=&#8220;135deg&#8220; background_image=&#8220;https:\/\/coolman-gmbh.de\/wp-content\/uploads\/2021\/08\/geometric-bg-overlay-01.jpg&#8220; background_blend=&#8220;overlay&#8220; custom_padding=&#8220;10%|0px|5%|0px&#8220; animation_direction=&#8220;bottom&#8220; global_colors_info=&#8220;{}&#8220;][et_pb_row _builder_version=&#8220;4.10.5&#8243; animation_style=&#8220;fade&#8220; global_colors_info=&#8220;{}&#8220;][et_pb_column type=&#8220;4_4&#8243; _builder_version=&#8220;3.25&#8243; custom_padding=&#8220;|||&#8220; global_colors_info=&#8220;{}&#8220; custom_padding__hover=&#8220;|||&#8220;][et_pb_text disabled_on=&#8220;off|off|off&#8220; _builder_version=&#8220;4.14.7&#8243; text_font=&#8220;Montserrat||||||||&#8220; text_font_size=&#8220;22px&#8220; text_line_height=&#8220;1.8em&#8220; header_font=&#8220;Poppins|600||on|||||&#8220; header_text_align=&#8220;center&#8220; header_text_color=&#8220;#f7f7f7&#8243; header_font_size=&#8220;7vw&#8220; header_letter_spacing=&#8220;13px&#8220; header_line_height=&#8220;1.5em&#8220; text_orientation=&#8220;center&#8220; background_layout=&#8220;dark&#8220; custom_margin=&#8220;|||&#8220; header_text_align_tablet=&#8220;center&#8220; header_text_align_phone=&#8220;center&#8220; header_text_align_last_edited=&#8220;on|phone&#8220; header_font_size_tablet=&#8220;50px&#8220; header_font_size_phone=&#8220;65px&#8220; header_font_size_last_edited=&#8220;on|desktop&#8220; header_letter_spacing_tablet=&#8220;13px&#8220; header_letter_spacing_phone=&#8220;1px&#8220; header_letter_spacing_last_edited=&#8220;on|phone&#8220; header_line_height_tablet=&#8220;1.1em&#8220; header_line_height_phone=&#8220;1.2em&#8220; header_line_height_last_edited=&#8220;off|desktop&#8220; header_text_shadow_style=&#8220;preset2&#8243; header_text_shadow_blur_strength=&#8220;0.11em&#8220; locked=&#8220;off&#8220; global_colors_info=&#8220;{}&#8220;]<\/p>\n<h1>Career<\/h1>\n<p>[\/et_pb_text][et_pb_text _builder_version=&#8220;4.14.7&#8243; text_font=&#8220;Poppins||||||||&#8220; text_text_color=&#8220;#ffffff&#8220; text_font_size=&#8220;20px&#8220; text_line_height=&#8220;1.8em&#8220; header_font=&#8220;Poppins|600|||||||&#8220; header_text_color=&#8220;#FFFFFF&#8220; header_font_size=&#8220;49px&#8220; header_line_height=&#8220;1.3em&#8220; header_2_font=&#8220;||||||||&#8220; text_orientation=&#8220;center&#8220; background_layout=&#8220;dark&#8220; max_width=&#8220;700px&#8220; module_alignment=&#8220;center&#8220; text_font_size_tablet=&#8220;20px&#8220; text_font_size_phone=&#8220;20px&#8220; text_font_size_last_edited=&#8220;on|phone&#8220; text_line_height_tablet=&#8220;1.8em&#8220; text_line_height_phone=&#8220;1.8em&#8220; text_line_height_last_edited=&#8220;on|phone&#8220; header_font_size_tablet=&#8220;49px&#8220; header_font_size_phone=&#8220;38px&#8220; header_font_size_last_edited=&#8220;on|phone&#8220; header_letter_spacing_tablet=&#8220;&#8220; header_letter_spacing_phone=&#8220;&#8220; header_letter_spacing_last_edited=&#8220;on|phone&#8220; header_line_height_tablet=&#8220;1.3em&#8220; header_line_height_phone=&#8220;1.3em&#8220; header_line_height_last_edited=&#8220;on|phone&#8220; text_text_shadow_style=&#8220;preset2&#8243; text_text_shadow_blur_strength=&#8220;0.12em&#8220; text_text_shadow_color=&#8220;rgba(0,0,0,0.5)&#8220; header_text_shadow_style=&#8220;preset2&#8243; header_text_shadow_blur_strength=&#8220;0.17em&#8220; global_colors_info=&#8220;{}&#8220;]<\/p>\n<h1>Join Our Team!<\/h1>\n<p>Make us happy by joining our team and letting us all improve.<\/p>\n<p>[\/et_pb_text][\/et_pb_column][\/et_pb_row][\/et_pb_section][et_pb_section fb_built=&#8220;1&#8243; _builder_version=&#8220;4.10.5&#8243; transform_translate=&#8220;0px|5px&#8220; custom_padding=&#8220;100px|0px|100px|0px&#8220; global_colors_info=&#8220;{}&#8220;][et_pb_row column_structure=&#8220;1_2,1_2&#8243; admin_label=&#8220;Right Sided Image&#8220; _builder_version=&#8220;4.10.5&#8243; width_tablet=&#8220;&#8220; width_phone=&#8220;&#8220; width_last_edited=&#8220;on|phone&#8220; min_height=&#8220;507px&#8220; height=&#8220;1000px&#8220; max_height=&#8220;755px&#8220; custom_margin=&#8220;0px||-400px||false|false&#8220; custom_margin_tablet=&#8220;||0px||false|false&#8220; custom_margin_phone=&#8220;||0px||false|false&#8220; custom_margin_last_edited=&#8220;on|desktop&#8220; custom_padding=&#8220;63px|0px|50px|0px|false|false&#8220; locked=&#8220;off&#8220; global_colors_info=&#8220;{}&#8220;][et_pb_column type=&#8220;1_2&#8243; _builder_version=&#8220;4.10.5&#8243; transform_scale_tablet=&#8220;&#8220; transform_scale_phone=&#8220;&#8220; transform_scale_last_edited=&#8220;on|phone&#8220; transform_translate=&#8220;0px|-46px&#8220; transform_translate_tablet=&#8220;0px|-72px&#8220; transform_translate_phone=&#8220;0px|-103px&#8220; transform_translate_last_edited=&#8220;on|desktop&#8220; transform_translate_linked_phone=&#8220;off&#8220; transform_rotate_tablet=&#8220;&#8220; transform_rotate_phone=&#8220;&#8220; transform_rotate_last_edited=&#8220;on|phone&#8220; transform_skew_tablet=&#8220;&#8220; transform_skew_phone=&#8220;&#8220; transform_skew_last_edited=&#8220;on|phone&#8220; transform_origin_tablet=&#8220;&#8220; transform_origin_phone=&#8220;&#8220; transform_origin_last_edited=&#8220;on|phone&#8220; transform_styles_last_edited=&#8220;on|desktop&#8220; custom_padding=&#8220;0px||0px||false|false&#8220; transform_styles_tablet=&#8220;&#8220; transform_styles_phone=&#8220;&#8220; global_colors_info=&#8220;{}&#8220; custom_padding__hover=&#8220;|||&#8220;][et_pb_text _builder_version=&#8220;4.10.5&#8243; text_font=&#8220;Nunito Sans||||||||&#8220; text_text_color=&#8220;#959baf&#8220; text_font_size=&#8220;18px&#8220; text_line_height=&#8220;1.8em&#8220; header_font=&#8220;||||||||&#8220; header_text_align=&#8220;left&#8220; header_2_font=&#8220;Nunito Sans|700|||||||&#8220; header_2_text_color=&#8220;#535b7c&#8220; header_2_font_size=&#8220;35px&#8220; header_2_line_height=&#8220;1.3em&#8220; transform_translate=&#8220;-3px|19px&#8220; max_width=&#8220;700px&#8220; module_alignment=&#8220;center&#8220; custom_padding=&#8220;||137px|||&#8220; global_colors_info=&#8220;{}&#8220;]<\/p>\n<h2>Ready to change the way businesses are run?<\/h2>\n<p>When you become part of our team, you will be empowered to think big and take your career into your own hands. This is how you can shape your future while conquering some of the toughest technical and logistical challenges.<\/p>\n<p>[\/et_pb_text][\/et_pb_column][et_pb_column type=&#8220;1_2&#8243; _builder_version=&#8220;4.10.5&#8243; transform_scale_tablet=&#8220;&#8220; transform_scale_phone=&#8220;&#8220; transform_scale_last_edited=&#8220;on|phone&#8220; transform_translate=&#8220;0px|-103px&#8220; transform_translate_tablet=&#8220;&#8220; transform_translate_phone=&#8220;0px|-193px&#8220; transform_translate_last_edited=&#8220;on|desktop&#8220; transform_rotate_tablet=&#8220;&#8220; transform_rotate_phone=&#8220;&#8220; transform_rotate_last_edited=&#8220;on|phone&#8220; transform_skew_tablet=&#8220;&#8220; transform_skew_phone=&#8220;&#8220; transform_skew_last_edited=&#8220;on|phone&#8220; transform_origin_tablet=&#8220;&#8220; transform_origin_phone=&#8220;&#8220; transform_origin_last_edited=&#8220;on|phone&#8220; transform_styles_last_edited=&#8220;on|desktop&#8220; custom_padding=&#8220;3px||0px||false|false&#8220; transform_styles_tablet=&#8220;&#8220; transform_styles_phone=&#8220;&#8220; global_colors_info=&#8220;{}&#8220; custom_padding__hover=&#8220;|||&#8220; custom_padding__hover_enabled=&#8220;on|desktop&#8220;][et_pb_image src=&#8220;https:\/\/coolman-gmbh.de\/wp-content\/uploads\/2021\/08\/feature-img-2-2.jpg&#8220; align_tablet=&#8220;center&#8220; align_phone=&#8220;&#8220; align_last_edited=&#8220;on|desktop&#8220; _builder_version=&#8220;4.10.5&#8243; animation_style=&#8220;zoom&#8220; animation_direction=&#8220;left&#8220; animation_intensity_zoom=&#8220;5%&#8220; global_colors_info=&#8220;{}&#8220;][\/et_pb_image][\/et_pb_column][\/et_pb_row][\/et_pb_section][et_pb_section fb_built=&#8220;1&#8243; admin_label=&#8220;Open Positions Section&#8220; _builder_version=&#8220;4.10.5&#8243; background_color=&#8220;#f8fbfe&#8220; custom_padding=&#8220;100px|0px|100px|0px&#8220; global_colors_info=&#8220;{}&#8220;][et_pb_row _builder_version=&#8220;4.10.5&#8243; global_colors_info=&#8220;{}&#8220;][et_pb_column type=&#8220;4_4&#8243; _builder_version=&#8220;3.25&#8243; custom_padding=&#8220;|||&#8220; global_colors_info=&#8220;{}&#8220; custom_padding__hover=&#8220;|||&#8220;][dsm_typing_effect typing_effect=&#8220;Wir stellen ein | Engagement mit einem Unterschied| Coolman f\u00fcr das Beste.&#8220; typing_backdelay=&#8220;900ms&#8220; typing_cursor_color=&#8220;#E02B20&#8243; _builder_version=&#8220;4.14.7&#8243; _module_preset=&#8220;default&#8220; header_font=&#8220;Poppins|200|||||||&#8220; header_text_align=&#8220;justify&#8220; header_text_color=&#8220;#000000&#8243; header_font_size=&#8220;45px&#8220; header_letter_spacing=&#8220;2px&#8220; custom_padding=&#8220;10px|||20px|false|false&#8220; header_text_align_tablet=&#8220;justify&#8220; header_text_align_phone=&#8220;left&#8220; header_text_align_last_edited=&#8220;on|phone&#8220; header_font_size_tablet=&#8220;45px&#8220; header_font_size_phone=&#8220;38px&#8220; header_font_size_last_edited=&#8220;on|phone&#8220; border_width_left=&#8220;20px&#8220; border_color_left=&#8220;#E02B20&#8243; global_colors_info=&#8220;{}&#8220;][\/dsm_typing_effect][\/et_pb_column][\/et_pb_row][et_pb_row _builder_version=&#8220;4.14.7&#8243; _module_preset=&#8220;default&#8220; global_colors_info=&#8220;{}&#8220;][et_pb_column type=&#8220;4_4&#8243; _builder_version=&#8220;4.14.7&#8243; _module_preset=&#8220;default&#8220; global_colors_info=&#8220;{}&#8220;][dsm_gradient_text gradient_text=&#8220;Teams &#038; offene Positionen&#8220; _builder_version=&#8220;4.14.7&#8243; _module_preset=&#8220;default&#8220; header_font=&#8220;Poppins|300|||||||&#8220; header_text_align=&#8220;center&#8220; header_text_color=&#8220;#686868&#8243; header_font_size=&#8220;53px&#8220; text_orientation=&#8220;center&#8220; min_height=&#8220;144.3px&#8220; custom_margin=&#8220;32px||||false|false&#8220; custom_padding=&#8220;||||false|false&#8220; header_text_align_tablet=&#8220;center&#8220; header_text_align_phone=&#8220;right&#8220; header_text_align_last_edited=&#8220;on|phone&#8220; header_font_size_tablet=&#8220;53px&#8220; header_font_size_phone=&#8220;61px&#8220; header_font_size_last_edited=&#8220;on|phone&#8220; text_orientation_tablet=&#8220;center&#8220; text_orientation_phone=&#8220;center&#8220; text_orientation_last_edited=&#8220;on|phone&#8220; locked=&#8220;off&#8220; global_colors_info=&#8220;{}&#8220;][\/dsm_gradient_text][et_pb_text _builder_version=&#8220;4.14.7&#8243; text_font=&#8220;Poppins||||||||&#8220; text_text_color=&#8220;rgba(52,53,17,0.71)&#8220; text_font_size=&#8220;23px&#8220; text_line_height=&#8220;1.8em&#8220; header_font=&#8220;||||||||&#8220; header_2_font=&#8220;Nunito Sans|700|||||||&#8220; header_2_text_color=&#8220;#535b7c&#8220; header_2_font_size=&#8220;35px&#8220; header_2_line_height=&#8220;1.3em&#8220; text_orientation=&#8220;center&#8220; max_width=&#8220;700px&#8220; module_alignment=&#8220;center&#8220; text_font_size_tablet=&#8220;23px&#8220; text_font_size_phone=&#8220;23px&#8220; text_font_size_last_edited=&#8220;on|phone&#8220; text_letter_spacing_tablet=&#8220;&#8220; text_letter_spacing_phone=&#8220;&#8220; text_letter_spacing_last_edited=&#8220;on|phone&#8220; text_line_height_tablet=&#8220;1.8em&#8220; text_line_height_phone=&#8220;1.7em&#8220; text_line_height_last_edited=&#8220;on|phone&#8220; text_orientation_tablet=&#8220;center&#8220; text_orientation_phone=&#8220;right&#8220; text_orientation_last_edited=&#8220;on|phone&#8220; locked=&#8220;off&#8220; global_colors_info=&#8220;{}&#8220;]<\/p>\n<p>Join the COOLMAN group to become part of a team where you can make a difference!<\/p>\n<p>[\/et_pb_text][\/et_pb_column][\/et_pb_row][et_pb_row _builder_version=&#8220;4.10.5&#8243; _module_preset=&#8220;default&#8220; global_colors_info=&#8220;{}&#8220;][et_pb_column type=&#8220;4_4&#8243; _builder_version=&#8220;4.10.5&#8243; _module_preset=&#8220;default&#8220; global_colors_info=&#8220;{}&#8220;][dsm_business_hours _builder_version=&#8220;4.10.5&#8243; _module_preset=&#8220;default&#8220; global_colors_info=&#8220;{}&#8220;][\/dsm_business_hours][\/et_pb_column][\/et_pb_row][et_pb_row use_custom_gutter=&#8220;on&#8220; _builder_version=&#8220;4.10.5&#8243; custom_margin=&#8220;0px||||false|false&#8220; custom_padding=&#8220;49px||||false|false&#8220; global_colors_info=&#8220;{}&#8220; custom_padding__hover_enabled=&#8220;on|desktop&#8220; custom_padding__hover=&#8220;49px||||false|false&#8220;][et_pb_column type=&#8220;4_4&#8243; _builder_version=&#8220;4.10.5&#8243; background_color_gradient_direction=&#8220;243deg&#8220; custom_padding=&#8220;45px||||false|false&#8220; border_width_top=&#8220;10px&#8220; global_colors_info=&#8220;{}&#8220; custom_padding__hover=&#8220;|||&#8220;][et_pb_blurb use_icon=&#8220;on&#8220; font_icon=&#8220;&#xe035;||divi||400&#8243; _builder_version=&#8220;4.13.0&#8243; _module_preset=&#8220;default&#8220; icon_font_size__hover=&#8220;97px&#8220; icon_font_size__hover_enabled=&#8220;on|hover&#8220; global_colors_info=&#8220;{}&#8220; icon_color__hover_enabled=&#8220;on|hover&#8220; icon_color__hover=&#8220;#E02B20&#8243; image_icon_width__hover=&#8220;97px&#8220; image_icon_width__hover_enabled=&#8220;on|hover&#8220;][\/et_pb_blurb][et_pb_text _builder_version=&#8220;4.10.5&#8243; text_font=&#8220;Poppins|500|||||||&#8220; text_text_color=&#8220;#959baf&#8220; text_font_size=&#8220;17px&#8220; text_line_height=&#8220;2.1em&#8220; header_font=&#8220;Nunito Sans|700|||||||&#8220; header_text_align=&#8220;center&#8220; header_text_color=&#8220;#535b7c&#8220; header_font_size=&#8220;45px&#8220; header_line_height=&#8220;1.4em&#8220; header_2_font=&#8220;||||||||&#8220; header_3_font=&#8220;Poppins|700|||||||&#8220; header_3_text_align=&#8220;center&#8220; header_3_text_color=&#8220;#535b7c&#8220; text_orientation=&#8220;center&#8220; max_width=&#8220;700px&#8220; module_alignment=&#8220;center&#8220; custom_padding=&#8220;0px|||||&#8220; custom_padding_tablet=&#8220;50px|||&#8220; custom_padding_phone=&#8220;&#8220; custom_padding_last_edited=&#8220;on|tablet&#8220; global_colors_info=&#8220;{}&#8220;]<\/p>\n<h3>Cooling Systems<\/h3>\n<p>Lorem ipsum dolor sit amet, consectetuer adipiscing elit, sed diam nonummy nibh euismod tincidunt ut laoreet dolore magna.<\/p>\n<p>[\/et_pb_text][et_pb_toggle title=&#8220;Servicespezialist f\u00fcr K\u00fchlsysteme&#8220; closed_toggle_background_color=&#8220;#ffffff&#8220; icon_color=&#8220;rgba(83,91,124,0.4)&#8220; open_icon_color=&#8220;rgba(83,91,124,0.4)&#8220; _builder_version=&#8220;4.13.0&#8243; title_text_color=&#8220;#535b7c&#8220; title_font=&#8220;Nunito Sans|600|||||||&#8220; title_line_height=&#8220;1.3em&#8220; body_font=&#8220;Nunito Sans||||||||&#8220; body_text_color=&#8220;#959baf&#8220; body_font_size=&#8220;15px&#8220; custom_margin=&#8220;|||&#8220; custom_padding=&#8220;24px|24px|24px|24px&#8220; border_radii=&#8220;on|4px|4px|4px|4px&#8220; border_width_all=&#8220;0px&#8220; border_color_all=&#8220;#d9d9d9&#8243; border_style_all=&#8220;solid&#8220; box_shadow_style=&#8220;preset3&#8243; box_shadow_color=&#8220;rgba(34,56,101,0.12)&#8220; use_border_color=&#8220;on&#8220; border_width=&#8220;0px&#8220; global_colors_info=&#8220;{}&#8220;]<\/p>\n<p>The service specialist takes care of all reported problems related to cooling systems. If necessary, check cooling systems if they are having problems.<\/p>\n<p><a href=\"#top\"> Full Job Description<\/a><\/p>\n<p>[\/et_pb_toggle][et_pb_toggle title=&#8220;Spezialist f\u00fcr Klimaanlageninstallation&#8220; closed_toggle_background_color=&#8220;#ffffff&#8220; icon_color=&#8220;rgba(83,91,124,0.4)&#8220; open_icon_color=&#8220;rgba(83,91,124,0.4)&#8220; _builder_version=&#8220;4.13.0&#8243; title_text_color=&#8220;#535b7c&#8220; title_font=&#8220;Nunito Sans|600|||||||&#8220; title_line_height=&#8220;1.3em&#8220; body_font=&#8220;Nunito Sans||||||||&#8220; body_text_color=&#8220;#959baf&#8220; body_font_size=&#8220;15px&#8220; custom_margin=&#8220;|||&#8220; custom_padding=&#8220;24px|24px|24px|24px&#8220; border_radii=&#8220;on|4px|4px|4px|4px&#8220; border_width_all=&#8220;0px&#8220; border_color_all=&#8220;#d9d9d9&#8243; border_style_all=&#8220;solid&#8220; box_shadow_style=&#8220;preset3&#8243; box_shadow_color=&#8220;rgba(34,56,101,0.12)&#8220; use_border_color=&#8220;on&#8220; border_width=&#8220;0px&#8220; global_colors_info=&#8220;{}&#8220;]<\/p>\n<p>Air conditioning specialists work across the city installing air conditioning systems for customers.<\/p>\n<p><a href=\"https:\/\/coolman-gmbh.de\/en\/careers\/\">Vollst\u00e4ndige Stellenbeschreibung<\/a><\/p>\n<p>[\/et_pb_toggle][et_pb_toggle title=&#8220;Spezialist f\u00fcr K\u00fchlschrankinstallation&#8220; closed_toggle_background_color=&#8220;#ffffff&#8220; icon_color=&#8220;rgba(83,91,124,0.4)&#8220; open_icon_color=&#8220;rgba(83,91,124,0.4)&#8220; _builder_version=&#8220;4.13.0&#8243; title_text_color=&#8220;#535b7c&#8220; title_font=&#8220;Nunito Sans|600|||||||&#8220; title_line_height=&#8220;1.3em&#8220; body_font=&#8220;Nunito Sans||||||||&#8220; body_text_color=&#8220;#959baf&#8220; body_font_size=&#8220;15px&#8220; custom_margin=&#8220;|||&#8220; custom_padding=&#8220;24px|24px|24px|24px&#8220; border_radii=&#8220;on|4px|4px|4px|4px&#8220; border_width_all=&#8220;0px&#8220; border_color_all=&#8220;#d9d9d9&#8243; border_style_all=&#8220;solid&#8220; box_shadow_style=&#8220;preset3&#8243; box_shadow_color=&#8220;rgba(34,56,101,0.12)&#8220; use_border_color=&#8220;on&#8220; border_width=&#8220;0px&#8220; global_colors_info=&#8220;{}&#8220;]<\/p>\n<p>Refrigerator specialists work across the city installing air conditioners for customers.<\/p>\n<p><a href=\"#top\"> Full Job Description<\/a><\/p>\n<p>[\/et_pb_toggle][\/et_pb_column][\/et_pb_row][\/et_pb_section][et_pb_section fb_built=&#8220;1&#8243; _builder_version=&#8220;4.10.5&#8243; _module_preset=&#8220;default&#8220; global_colors_info=&#8220;{}&#8220;][et_pb_row _builder_version=&#8220;4.14.7&#8243; _module_preset=&#8220;default&#8220; width_tablet=&#8220;&#8220; width_phone=&#8220;98%&#8220; width_last_edited=&#8220;on|phone&#8220; global_colors_info=&#8220;{}&#8220;][et_pb_column type=&#8220;4_4&#8243; _builder_version=&#8220;4.10.5&#8243; _module_preset=&#8220;default&#8220; global_colors_info=&#8220;{}&#8220;][dsm_text_divider header=&#8220;F\u00fclle das Formular aus.&#8220; color=&#8220;#0C71C3&#8243; divider_weight=&#8220;13px&#8220; text_gap=&#8220;25px&#8220; height=&#8220;100px&#8220; _builder_version=&#8220;4.10.5&#8243; _module_preset=&#8220;default&#8220; header_font=&#8220;Poppins|600|||||||&#8220; header_text_align=&#8220;center&#8220; width=&#8220;99%&#8220; max_width=&#8220;100%&#8220; module_alignment=&#8220;center&#8220; global_colors_info=&#8220;{}&#8220;][\/dsm_text_divider][dsm_lottie _builder_version=&#8220;4.10.5&#8243; _module_preset=&#8220;default&#8220; global_colors_info=&#8220;{}&#8220;][\/dsm_lottie][dsm_contact_form_7 cf7_library=&#8220;1026&#8243; show_validation=&#8220;on&#8220; label_bottom_spacing=&#8220;0px&#8220; button_alignment=&#8220;left&#8220; _builder_version=&#8220;4.14.7&#8243; _module_preset=&#8220;default&#8220; labels_font=&#8220;Poppins|300|||||||&#8220; labels_text_align=&#8220;left&#8220; labels_text_color=&#8220;#000000&#8243; labels_font_size=&#8220;16px&#8220; input_textarea_select_font=&#8220;Poppins|500|||||||&#8220; placeholder_font=&#8220;Poppins|800|||||||&#8220; file_font=&#8220;Poppins|700|||||||&#8220; file_text_align=&#8220;left&#8220; file_font_size=&#8220;17px&#8220; error_msg_font=&#8220;Poppins||||||||&#8220; background_color=&#8220;RGBA(0,0,0,0)&#8220; custom_button_one=&#8220;on&#8220; button_one_text_size=&#8220;19px&#8220; button_one_text_color=&#8220;#FFFFFF&#8220; button_one_bg_color=&#8220;#000000&#8243; button_one_border_width=&#8220;0px&#8220; button_one_border_radius=&#8220;35px&#8220; button_one_font=&#8220;Poppins||||||||&#8220; button_one_icon=&#8220;&#x35;||divi||400&#8243; width=&#8220;100%&#8220; max_width=&#8220;100%&#8220; custom_padding=&#8220;40px|40px|40px|40px|false|false&#8220; hover_enabled=&#8220;0&#8243; border_color_all=&#8220;#E09900&#8243; border_style_all=&#8220;double&#8220; locked=&#8220;off&#8220; global_colors_info=&#8220;{}&#8220; button_one_bg_color__hover=&#8220;rgba(0,0,0,0.85)&#8220; button_one_bg_color__hover_enabled=&#8220;on|hover&#8220; button_one_border_color=&#8220;#f6961b&#8220; button_one_icon_color=&#8220;#FFFFFF&#8220; button_one_alignment=&#8220;right&#8220; button_one_custom_padding=&#8220;13px||13px||true|false&#8220; box_shadow_style_button_one=&#8220;preset1&#8243; sticky_enabled=&#8220;0&#8243;][\/dsm_contact_form_7][dsm_business_hours _builder_version=&#8220;4.10.5&#8243; _module_preset=&#8220;default&#8220; global_colors_info=&#8220;{}&#8220;][\/dsm_business_hours][dsm_button _builder_version=&#8220;4.10.5&#8243; _module_preset=&#8220;default&#8220; global_colors_info=&#8220;{}&#8220;][\/dsm_button][\/et_pb_column][\/et_pb_row][\/et_pb_section][et_pb_section fb_built=&#8220;1&#8243; fullwidth=&#8220;on&#8220; admin_label=&#8220;Our Office&#8220; _builder_version=&#8220;3.22&#8243; background_color_gradient_direction=&#8220;135deg&#8220; background_position=&#8220;top_left&#8220; custom_padding=&#8220;|||&#8220; box_shadow_style=&#8220;preset3&#8243; box_shadow_vertical=&#8220;-200px&#8220; box_shadow_blur=&#8220;0px&#8220; box_shadow_spread=&#8220;0px&#8220; box_shadow_color=&#8220;#F8FBFE&#8220; box_shadow_position=&#8220;inner&#8220; global_colors_info=&#8220;{}&#8220;][et_pb_fullwidth_header title=&#8220;Our Office&#8220; text_orientation=&#8220;center&#8220; content_max_width=&#8220;700px&#8220; title_font_color=&#8220;#ffffff&#8220; subhead_font_color=&#8220;rgba(255,255,255,0.8)&#8220; disabled_on=&#8220;on|on|on&#8220; _builder_version=&#8220;4.10.5&#8243; title_font=&#8220;Nunito Sans|700|||||||&#8220; title_text_align=&#8220;center&#8220; title_font_size=&#8220;45px&#8220; title_line_height=&#8220;1.3em&#8220; content_font=&#8220;||||||||&#8220; content_font_size=&#8220;18px&#8220; content_line_height=&#8220;1.8em&#8220; subhead_font=&#8220;Nunito Sans||||||||&#8220; subhead_line_height=&#8220;1.8em&#8220; background_enable_color=&#8220;off&#8220; use_background_color_gradient=&#8220;on&#8220; background_color_gradient_start=&#8220;#0b0021&#8243; background_color_gradient_end=&#8220;rgba(127,194,219,0.72)&#8220; background_color_gradient_direction=&#8220;135deg&#8220; background_color_gradient_overlays_image=&#8220;on&#8220; background_image=&#8220;https:\/\/coolman-gmbh.de\/wp-content\/uploads\/2021\/08\/jon-tyson-kR4K8nJ9JRc-unsplash.jpg&#8220; custom_button_one=&#8220;on&#8220; button_one_text_size=&#8220;13px&#8220; button_one_text_color=&#8220;#3D72E7&#8243; button_one_bg_color=&#8220;#ffffff&#8220; button_one_border_width=&#8220;12px&#8220; button_one_border_color=&#8220;#ffffff&#8220; button_one_border_radius=&#8220;26px&#8220; button_one_letter_spacing=&#8220;1px&#8220; button_one_font=&#8220;Nunito Sans|800||on|||||&#8220; button_one_use_icon=&#8220;off&#8220; custom_padding=&#8220;12%||12%|&#8220; button_one_text_color_hover=&#8220;#3D72E7&#8243; button_one_border_color_hover=&#8220;#ffffff&#8220; button_one_border_radius_hover=&#8220;26px&#8220; button_one_letter_spacing_hover=&#8220;1px&#8220; button_one_bg_color_hover=&#8220;#ffffff&#8220; disabled=&#8220;on&#8220; global_colors_info=&#8220;{}&#8220; button_one_text_size__hover_enabled=&#8220;off&#8220; button_two_text_size__hover_enabled=&#8220;off&#8220; button_one_text_color__hover_enabled=&#8220;on&#8220; button_one_text_color__hover=&#8220;#3D72E7&#8243; button_two_text_color__hover_enabled=&#8220;off&#8220; button_one_border_width__hover_enabled=&#8220;off&#8220; button_two_border_width__hover_enabled=&#8220;off&#8220; button_one_border_color__hover_enabled=&#8220;on&#8220; button_one_border_color__hover=&#8220;#ffffff&#8220; button_two_border_color__hover_enabled=&#8220;off&#8220; button_one_border_radius__hover_enabled=&#8220;on&#8220; button_one_border_radius__hover=&#8220;26px&#8220; button_two_border_radius__hover_enabled=&#8220;off&#8220; button_one_letter_spacing__hover_enabled=&#8220;on&#8220; button_one_letter_spacing__hover=&#8220;1px&#8220; button_two_letter_spacing__hover_enabled=&#8220;off&#8220; button_one_bg_color__hover_enabled=&#8220;on&#8220; button_one_bg_color__hover=&#8220;#ffffff&#8220; button_two_bg_color__hover_enabled=&#8220;off&#8220;]<\/p>\n<p>Lorem ipsum dolor sit amet, consectetuer adipiscing elit, sed diam nonummy nibh euismod tincidunt ut laoreet dolore magna. Lorem ipsum dolor sit amet, consectetuer adipiscing elit, sed diam nonummy nibh euismod tincidunt.<\/p>\n<p>[\/et_pb_fullwidth_header][\/et_pb_section]<\/p>","protected":false},"excerpt":{"rendered":"<p>KarriereTrete unserem Team bei! Machen Sie uns gl\u00fccklich, indem Sie sich unserem Team anschlie\u00dfen und uns alle verbessern lassen.Sind Sie bereit, die Art und Weise, wie Unternehmen gef\u00fchrt werden, zu \u00e4ndern? Wenn Sie Teil unseres Teams werden, werden Sie bef\u00e4higt, gro\u00df zu denken und Ihre Karriere selbst in die Hand zu nehmen. So k\u00f6nnen Sie [&hellip;]<\/p>","protected":false},"author":1,"featured_media":0,"parent":0,"menu_order":0,"comment_status":"closed","ping_status":"closed","template":"","meta":{"_et_pb_use_builder":"on","_et_pb_old_content":"","_et_gb_content_width":"","footnotes":""},"class_list":["post-381","page","type-page","status-publish","hentry"],"_links":{"self":[{"href":"https:\/\/coolman-gmbh.de\/en\/wp-json\/wp\/v2\/pages\/381","targetHints":{"allow":["GET"]}}],"collection":[{"href":"https:\/\/coolman-gmbh.de\/en\/wp-json\/wp\/v2\/pages"}],"about":[{"href":"https:\/\/coolman-gmbh.de\/en\/wp-json\/wp\/v2\/types\/page"}],"author":[{"embeddable":true,"href":"https:\/\/coolman-gmbh.de\/en\/wp-json\/wp\/v2\/users\/1"}],"replies":[{"embeddable":true,"href":"https:\/\/coolman-gmbh.de\/en\/wp-json\/wp\/v2\/comments?post=381"}],"version-history":[{"count":1,"href":"https:\/\/coolman-gmbh.de\/en\/wp-json\/wp\/v2\/pages\/381\/revisions"}],"predecessor-version":[{"id":26179,"href":"https:\/\/coolman-gmbh.de\/en\/wp-json\/wp\/v2\/pages\/381\/revisions\/26179"}],"wp:attachment":[{"href":"https:\/\/coolman-gmbh.de\/en\/wp-json\/wp\/v2\/media?parent=381"}],"curies":[{"name":"wp","href":"https:\/\/api.w.org\/{rel}","templated":true}]}}