{"id":778,"date":"2021-11-18T13:12:39","date_gmt":"2021-11-18T13:12:39","guid":{"rendered":"https:\/\/coolman-gmbh.de\/?page_id=778"},"modified":"2024-08-16T21:49:56","modified_gmt":"2024-08-16T21:49:56","slug":"impressum","status":"publish","type":"page","link":"https:\/\/coolman-gmbh.de\/en\/unternehmen\/impressum\/","title":{"rendered":"Imprint"},"content":{"rendered":"<p>[et_pb_section fb_built=&#8220;1&#8243; admin_label=&#8220;Header&#8220; _builder_version=&#8220;4.16&#8243; background_color=&#8220;#f8fbfe&#8220; use_background_color_gradient=&#8220;on&#8220; background_color_gradient_direction=&#8220;135deg&#8220; background_color_gradient_stops=&#8220;#910000 0%|#7fc2db 100%&#8220; background_color_gradient_start=&#8220;#910000&#8243; background_color_gradient_end=&#8220;#7fc2db&#8220; background_image=&#8220;https:\/\/coolman-gmbh.de\/wp-content\/uploads\/2021\/08\/geometric-bg-overlay-01.jpg&#8220; background_blend=&#8220;overlay&#8220; custom_padding=&#8220;10%|0px|5%|0px&#8220; animation_direction=&#8220;top&#8220; global_colors_info=&#8220;{}&#8220;][et_pb_row _builder_version=&#8220;4.16&#8243; global_colors_info=&#8220;{}&#8220;][et_pb_column type=&#8220;4_4&#8243; _builder_version=&#8220;4.16&#8243; custom_padding=&#8220;|||&#8220; global_colors_info=&#8220;{}&#8220; custom_padding__hover=&#8220;|||&#8220;][et_pb_text _builder_version=&#8220;4.16&#8243; text_font=&#8220;Nunito Sans||||||||&#8220; text_text_color=&#8220;#ffffff&#8220; text_font_size=&#8220;18px&#8220; text_line_height=&#8220;1.8em&#8220; header_font=&#8220;Poppins||||||||&#8220; header_text_align=&#8220;center&#8220; header_text_color=&#8220;#f2f2f2&#8243; header_font_size=&#8220;70px&#8220; header_letter_spacing=&#8220;6px&#8220; header_line_height=&#8220;1.3em&#8220; header_2_font=&#8220;||||||||&#8220; text_orientation=&#8220;center&#8220; background_layout=&#8220;dark&#8220; max_width=&#8220;700px&#8220; module_alignment=&#8220;center&#8220; header_font_size_tablet=&#8220;67px&#8220; header_font_size_phone=&#8220;48px&#8220; header_font_size_last_edited=&#8220;on|tablet&#8220; header_letter_spacing_tablet=&#8220;6px&#8220; header_letter_spacing_phone=&#8220;0px&#8220; header_letter_spacing_last_edited=&#8220;on|desktop&#8220; header_text_shadow_style=&#8220;preset3&#8243; header_text_shadow_horizontal_length=&#8220;0.26em&#8220; global_colors_info=&#8220;{}&#8220;]<\/p>\n<h1>Imprint<\/h1>\n<p>[\/et_pb_text][\/et_pb_column][\/et_pb_row][\/et_pb_section][et_pb_section fb_built=&#8220;1&#8243; fullwidth=&#8220;on&#8220; _builder_version=&#8220;4.16&#8243; _module_preset=&#8220;default&#8220; global_colors_info=&#8220;{}&#8220;][et_pb_fullwidth_header _builder_version=&#8220;4.16&#8243; _module_preset=&#8220;default&#8220; title_level=&#8220;h6&#8243; title_font=&#8220;Poppins||||||||&#8220; title_text_color=&#8220;#000000&#8243; title_font_size=&#8220;37px&#8220; title_line_height=&#8220;1.5em&#8220; content_font=&#8220;Poppins||||||||&#8220; content_text_color=&#8220;#000000&#8243; content_font_size=&#8220;17px&#8220; subhead_font=&#8220;Poppins||||||||&#8220; background_color=&#8220;#f2f2f2&#8243; hover_enabled=&#8220;0&#8243; global_colors_info=&#8220;{}&#8220; sticky_enabled=&#8220;0&#8243;]<\/p>\n<h1>Imprint<\/h1>\n<blockquote>\n<p><strong>Legal Provider Identification:<\/strong><\/p>\n<\/blockquote>\n<p>Coolman K\u00e4lte-, Klima- und L\u00fcftungstechnik GmbH<br \/>this represented d. d. Managing Director \u00d6mer Oral<br \/>Fruchtbahnhofstr. 8<br \/>68159 Mannheim<br \/>Germany<br \/>Phone: 062183262500<br \/>Email: info@coolman-gmbh.de<br \/>Tax ID number: DE 325044996<br \/>registered in the commercial register of the Mannheim Local Court<br \/>Commercial register number HRB 733523<\/p>\n<p>&nbsp;<\/p>\n<blockquote>\n<p><strong>Responsible For Content According to \u00a7 18 Abs. 2 MStV:<\/strong><\/p>\n<\/blockquote>\n<p>Mr. \u00d6mer Oral<br \/>Fruchtbahnhofstr. 8<br \/>68159 Mannheim<br \/>Germany<\/p>\n<p>[\/et_pb_fullwidth_header][\/et_pb_section]<\/p>","protected":false},"excerpt":{"rendered":"<p>ImpressumImpressum Gesetzliche Anbieterkennung: Coolman K\u00e4lte-, Klima- und L\u00fcftungstechnik GmbHdiese vertr. d. d. Gesch\u00e4ftsf\u00fchrer \u00d6mer OralFruchtbahnhofstr. 868159 MannheimDeutschlandTelefon: 062183262500E-Mail: info@coolman-gmbh.deUSt-IdNr.: DE325044996eingetragen im Handelsregister des Amtsgerichtes MannheimHandelsregisternummer HRB 733523 &nbsp; Inhaltlich Verantwortlicher gem\u00e4\u00df \u00a7 18 Abs. 2 MStV: Herr \u00d6mer OralFruchtbahnhofstr. 868159 MannheimDeutschland<\/p>","protected":false},"author":1,"featured_media":0,"parent":792,"menu_order":-1,"comment_status":"closed","ping_status":"closed","template":"","meta":{"_et_pb_use_builder":"on","_et_pb_old_content":"<!-- wp:divi\/placeholder \/-->","_et_gb_content_width":"","footnotes":""},"class_list":["post-778","page","type-page","status-publish","hentry"],"_links":{"self":[{"href":"https:\/\/coolman-gmbh.de\/en\/wp-json\/wp\/v2\/pages\/778","targetHints":{"allow":["GET"]}}],"collection":[{"href":"https:\/\/coolman-gmbh.de\/en\/wp-json\/wp\/v2\/pages"}],"about":[{"href":"https:\/\/coolman-gmbh.de\/en\/wp-json\/wp\/v2\/types\/page"}],"author":[{"embeddable":true,"href":"https:\/\/coolman-gmbh.de\/en\/wp-json\/wp\/v2\/users\/1"}],"replies":[{"embeddable":true,"href":"https:\/\/coolman-gmbh.de\/en\/wp-json\/wp\/v2\/comments?post=778"}],"version-history":[{"count":1,"href":"https:\/\/coolman-gmbh.de\/en\/wp-json\/wp\/v2\/pages\/778\/revisions"}],"predecessor-version":[{"id":26221,"href":"https:\/\/coolman-gmbh.de\/en\/wp-json\/wp\/v2\/pages\/778\/revisions\/26221"}],"up":[{"embeddable":true,"href":"https:\/\/coolman-gmbh.de\/en\/wp-json\/wp\/v2\/pages\/792"}],"wp:attachment":[{"href":"https:\/\/coolman-gmbh.de\/en\/wp-json\/wp\/v2\/media?parent=778"}],"curies":[{"name":"wp","href":"https:\/\/api.w.org\/{rel}","templated":true}]}}