{"id":792,"date":"2021-11-18T15:27:04","date_gmt":"2021-11-18T15:27:04","guid":{"rendered":"https:\/\/coolman-gmbh.de\/?page_id=792"},"modified":"2024-08-16T22:19:38","modified_gmt":"2024-08-16T22:19:38","slug":"unternehmen","status":"publish","type":"page","link":"https:\/\/coolman-gmbh.de\/en\/unternehmen\/","title":{"rendered":"Company"},"content":{"rendered":"<p>[et_pb_section fb_built=&#8220;1&#8243; fullwidth=&#8220;on&#8220; admin_label=&#8220;Hero Section&#8220; _builder_version=&#8220;4.16&#8243; background_enable_image=&#8220;off&#8220; global_colors_info=&#8220;{}&#8220;][et_pb_fullwidth_header title=&#8220;unternehmen&#8220; text_orientation=&#8220;center&#8220; header_fullscreen=&#8220;on&#8220; background_overlay_color=&#8220;rgba(0,0,0,0.73)&#8220; title_font_color=&#8220;#ffffff&#8220; subhead_font_color=&#8220;#ffffff&#8220; scroll_down_icon_size_tablet=&#8220;60px&#8220; scroll_down_icon_size_phone=&#8220;45px&#8220; scroll_down_icon_size_last_edited=&#8220;on|phone&#8220; content_max_width_tablet=&#8220;&#8220; content_max_width_phone=&#8220;100%&#8220; content_max_width_last_edited=&#8220;on|phone&#8220; _builder_version=&#8220;4.16&#8243; title_font=&#8220;Poppins|500||on|||||&#8220; title_text_align=&#8220;center&#8220; title_text_color=&#8220;#FFFFFF&#8220; title_font_size=&#8220;100px&#8220; title_letter_spacing=&#8220;29px&#8220; title_line_height=&#8220;1.4em&#8220; content_font=&#8220;Poppins||||||||&#8220; subhead_font=&#8220;Poppins|300|||||||&#8220; subhead_text_align=&#8220;center&#8220; subhead_text_color=&#8220;#f2f2f2&#8243; subhead_font_size=&#8220;29px&#8220; subhead_line_height=&#8220;1.6em&#8220; background_enable_color=&#8220;off&#8220; background_image=&#8220;https:\/\/coolman-gmbh.de\/wp-content\/uploads\/2021\/08\/office.jpg&#8220; custom_button_one=&#8220;on&#8220; button_one_text_size=&#8220;18px&#8220; button_one_text_color=&#8220;#ffffff&#8220; button_one_bg_color=&#8220;#0099e5&#8243; button_one_border_width=&#8220;14px&#8220; button_one_border_color=&#8220;#0099e5&#8243; button_one_border_radius=&#8220;0px&#8220; button_one_letter_spacing=&#8220;2px&#8220; button_one_font=&#8220;Nunito|700||on|||||&#8220; button_one_use_icon=&#8220;off&#8220; width_tablet=&#8220;&#8220; width_phone=&#8220;100%&#8220; width_last_edited=&#8220;on|phone&#8220; height_tablet=&#8220;&#8220; height_phone=&#8220;604px&#8220; height_last_edited=&#8220;on|phone&#8220; custom_padding=&#8220;|200px||0px|false|false&#8220; custom_padding_tablet=&#8220;|200px||0px|false|false&#8220; custom_padding_phone=&#8220;|186px||0px|false|false&#8220; custom_padding_last_edited=&#8220;on|desktop&#8220; animation_style=&#8220;fade&#8220; sticky_limit_bottom=&#8220;body&#8220; title_font_size_tablet=&#8220;90px&#8220; title_font_size_phone=&#8220;42px&#8220; title_font_size_last_edited=&#8220;on|desktop&#8220; title_letter_spacing_tablet=&#8220;0px&#8220; title_letter_spacing_phone=&#8220;&#8220; title_letter_spacing_last_edited=&#8220;on|tablet&#8220; title_line_height_tablet=&#8220;1.4em&#8220; title_line_height_phone=&#8220;1em&#8220; title_line_height_last_edited=&#8220;on|phone&#8220; content_font_size_tablet=&#8220;&#8220; content_font_size_phone=&#8220;&#8220; content_font_size_last_edited=&#8220;on|phone&#8220; subhead_font_size_tablet=&#8220;&#8220; subhead_font_size_phone=&#8220;&#8220; subhead_font_size_last_edited=&#8220;on|phone&#8220; title_text_shadow_style=&#8220;preset3&#8243; subhead_text_shadow_style=&#8220;preset2&#8243; text_shadow_style=&#8220;preset3&#8243; button_one_text_color_hover=&#8220;#ffffff&#8220; button_one_border_color_hover=&#8220;#0099e5&#8243; button_one_border_radius_hover=&#8220;0px&#8220; button_one_letter_spacing_hover=&#8220;2px&#8220; button_one_bg_color_hover=&#8220;#0099e5&#8243; global_colors_info=&#8220;{}&#8220; button_one_text_size__hover_enabled=&#8220;off&#8220; button_two_text_size__hover_enabled=&#8220;off&#8220; button_one_text_color__hover_enabled=&#8220;on&#8220; button_one_text_color__hover=&#8220;#ffffff&#8220; button_two_text_color__hover_enabled=&#8220;off&#8220; button_one_border_width__hover_enabled=&#8220;off&#8220; button_two_border_width__hover_enabled=&#8220;off&#8220; button_one_border_color__hover_enabled=&#8220;on&#8220; button_one_border_color__hover=&#8220;#0099e5&#8243; button_two_border_color__hover_enabled=&#8220;off&#8220; button_one_border_radius__hover_enabled=&#8220;on&#8220; button_one_border_radius__hover=&#8220;0px&#8220; button_two_border_radius__hover_enabled=&#8220;off&#8220; button_one_letter_spacing__hover_enabled=&#8220;on&#8220; button_one_letter_spacing__hover=&#8220;2px&#8220; button_two_letter_spacing__hover_enabled=&#8220;off&#8220; button_one_bg_color__hover_enabled=&#8220;on&#8220; button_one_bg_color__hover=&#8220;#0099e5&#8243; button_two_bg_color__hover_enabled=&#8220;off&#8220; scroll_down_icon_color__hover_enabled=&#8220;on|hover&#8220; scroll_down_icon_color__hover=&#8220;#E02B20&#8243;][\/et_pb_fullwidth_header][\/et_pb_section][et_pb_section fb_built=&#8220;1&#8243; disabled_on=&#8220;off|off|off&#8220; _builder_version=&#8220;4.16&#8243; _module_preset=&#8220;default&#8220; background_color=&#8220;#f2f2f2&#8243; background_enable_image=&#8220;off&#8220; custom_padding=&#8220;59px||||false|false&#8220; locked=&#8220;off&#8220; global_colors_info=&#8220;{}&#8220;][et_pb_row column_structure=&#8220;1_2,1_2&#8243; use_custom_gutter=&#8220;on&#8220; make_equal=&#8220;on&#8220; _builder_version=&#8220;4.16&#8243; _module_preset=&#8220;default&#8220; width=&#8220;100%&#8220; max_width=&#8220;2560px&#8220; global_colors_info=&#8220;{}&#8220;][et_pb_column type=&#8220;1_2&#8243; _builder_version=&#8220;4.16&#8243; _module_preset=&#8220;default&#8220; global_colors_info=&#8220;{}&#8220;][et_pb_text _builder_version=&#8220;4.16&#8243; _module_preset=&#8220;default&#8220; text_font=&#8220;Poppins|300|||||||&#8220; text_font_size=&#8220;22px&#8220; text_line_height=&#8220;1.5em&#8220; header_font=&#8220;Poppins||||||||&#8220; header_text_color=&#8220;#000000&#8243; header_2_font=&#8220;Poppins|200|||||||&#8220; header_2_text_color=&#8220;#000000&#8243; header_2_font_size=&#8220;68px&#8220; header_2_letter_spacing=&#8220;8px&#8220; header_2_line_height=&#8220;1.2em&#8220; text_orientation=&#8220;center&#8220; custom_padding=&#8220;|26px||26px|false|true&#8220; animation_style=&#8220;slide&#8220; animation_direction=&#8220;top&#8220; animation_duration=&#8220;1200ms&#8220; animation_intensity_slide=&#8220;12%&#8220; header_2_font_size_tablet=&#8220;&#8220; header_2_font_size_phone=&#8220;65px&#8220; header_2_font_size_last_edited=&#8220;on|phone&#8220; header_2_letter_spacing_tablet=&#8220;8px&#8220; header_2_letter_spacing_phone=&#8220;8px&#8220; header_2_letter_spacing_last_edited=&#8220;on|phone&#8220; header_2_line_height_tablet=&#8220;1.2em&#8220; header_2_line_height_phone=&#8220;1.1em&#8220; header_2_line_height_last_edited=&#8220;on|phone&#8220; text_text_shadow_style=&#8220;preset3&#8243; text_text_shadow_blur_strength=&#8220;0.05em&#8220; border_color_top=&#8220;#E02B20&#8243; global_colors_info=&#8220;{}&#8220;]<\/p>\n<h2>About <strong>Us<\/strong><strong><\/strong><\/h2>\n<p>[\/et_pb_text][et_pb_divider color=&#8220;#E02B20&#8243; divider_weight=&#8220;9px&#8220; show_divider_tablet=&#8220;&#8220; show_divider_phone=&#8220;on&#8220; show_divider_last_edited=&#8220;on|desktop&#8220; divider_weight_tablet=&#8220;9px&#8220; divider_weight_phone=&#8220;10px&#8220; divider_weight_last_edited=&#8220;on|phone&#8220; disabled_on=&#8220;off|off|off&#8220; _builder_version=&#8220;4.16&#8243; _module_preset=&#8220;default&#8220; width=&#8220;51%&#8220; width_tablet=&#8220;51%&#8220; width_phone=&#8220;100%&#8220; width_last_edited=&#8220;on|phone&#8220; module_alignment=&#8220;center&#8220; height_tablet=&#8220;&#8220; height_phone=&#8220;&#8220; height_last_edited=&#8220;on|phone&#8220; custom_margin=&#8220;0px||20px||false|false&#8220; custom_margin_tablet=&#8220;&#8220; custom_margin_phone=&#8220;-8px||17px||false|false&#8220; custom_margin_last_edited=&#8220;on|desktop&#8220; custom_padding=&#8220;|26px||26px|false|true&#8220; animation_style=&#8220;slide&#8220; animation_direction=&#8220;left&#8220; animation_duration=&#8220;1600ms&#8220; animation_intensity_slide=&#8220;27%&#8220; module_alignment_tablet=&#8220;center&#8220; module_alignment_phone=&#8220;left&#8220; module_alignment_last_edited=&#8220;on|phone&#8220; global_colors_info=&#8220;{}&#8220;][\/et_pb_divider][et_pb_text _builder_version=&#8220;4.16&#8243; _module_preset=&#8220;default&#8220; text_font=&#8220;Arial||||||||&#8220; text_text_color=&#8220;#262626&#8243; text_font_size=&#8220;18px&#8220; header_font=&#8220;Poppins||||||||&#8220; header_2_font=&#8220;Poppins|200|||||||&#8220; header_2_font_size=&#8220;68px&#8220; header_2_letter_spacing=&#8220;9px&#8220; header_2_line_height=&#8220;1.8em&#8220; text_orientation=&#8220;center&#8220; custom_padding=&#8220;|26px||26px|false|true&#8220; text_font_size_tablet=&#8220;&#8220; text_font_size_phone=&#8220;17px&#8220; text_font_size_last_edited=&#8220;on|phone&#8220; text_orientation_tablet=&#8220;center&#8220; text_orientation_phone=&#8220;right&#8220; text_orientation_last_edited=&#8220;on|phone&#8220; text_text_shadow_style=&#8220;preset3&#8243; text_text_shadow_blur_strength=&#8220;0.05em&#8220; border_color_top=&#8220;#E02B20&#8243; global_colors_info=&#8220;{}&#8220;]<\/p>\n<p>For any type of heating or cooling repairs across Mannheim, Coolman can help you get the job done right the first time, at the lowest cost. We want to work flexibly with our customers and ensure that their budgets can be adhered to. Even if your air conditioning system fails at the worst possible moment, our experts can step in and carry out HVAC repairs as on-call service technicians. As an expert group in Mannheim, we always have service trucks ready to assist you with HVAC issues throughout Baden-W\u00fcrttemberg.<\/p>\n<p>[\/et_pb_text][\/et_pb_column][et_pb_column type=&#8220;1_2&#8243; _builder_version=&#8220;4.16&#8243; _module_preset=&#8220;default&#8220; global_colors_info=&#8220;{}&#8220;][et_pb_image src=&#8220;https:\/\/coolman-gmbh.de\/wp-content\/uploads\/2021\/08\/living-room.jpg&#8220; title_text=&#8220;living-room&#8220; align=&#8220;center&#8220; force_fullwidth=&#8220;on&#8220; _builder_version=&#8220;4.19.2&#8243; _module_preset=&#8220;default&#8220; custom_margin=&#8220;||-97px||false|false&#8220; scroll_vertical_motion_enable=&#8220;on&#8220; scroll_vertical_motion=&#8220;0|47|74|89|2|0|-0.3&#8243; scroll_horizontal_motion=&#8220;0|68|97|100|7.5|0|-4&#8243; border_radii=&#8220;on|10px|10px|10px|10px&#8220; box_shadow_style=&#8220;preset1&#8243; global_colors_info=&#8220;{}&#8220; hover_enabled=&#8220;0&#8243; sticky_enabled=&#8220;0&#8243;][\/et_pb_image][\/et_pb_column][\/et_pb_row][\/et_pb_section][et_pb_section fb_built=&#8220;1&#8243; _builder_version=&#8220;4.16&#8243; _module_preset=&#8220;default&#8220; background_color=&#8220;#f2f2f2&#8243; locked=&#8220;off&#8220; global_colors_info=&#8220;{}&#8220;][et_pb_row column_structure=&#8220;1_2,1_2&#8243; use_custom_gutter=&#8220;on&#8220; make_equal=&#8220;on&#8220; _builder_version=&#8220;4.16&#8243; _module_preset=&#8220;default&#8220; width=&#8220;100%&#8220; max_width=&#8220;2560px&#8220; global_colors_info=&#8220;{}&#8220;][et_pb_column type=&#8220;1_2&#8243; _builder_version=&#8220;4.16&#8243; _module_preset=&#8220;default&#8220; global_colors_info=&#8220;{}&#8220;][et_pb_image src=&#8220;https:\/\/coolman-gmbh.de\/wp-content\/uploads\/2021\/08\/cleaning_your_aircon.jpg&#8220; title_text=&#8220;Cleaning air conditioner filters&#8220; show_bottom_space=&#8220;off&#8220; _builder_version=&#8220;4.19.2&#8243; _module_preset=&#8220;default&#8220; width=&#8220;116%&#8220; max_width=&#8220;114%&#8220; custom_margin=&#8220;||-97px||false|false&#8220; custom_margin_tablet=&#8220;||-97px||false|false&#8220; custom_margin_phone=&#8220;||-97px||false|false&#8220; custom_margin_last_edited=&#8220;on|tablet&#8220; scroll_vertical_motion_enable=&#8220;on&#8220; scroll_vertical_motion=&#8220;0|47|75|94|1|0|-0.8&#8243; global_colors_info=&#8220;{}&#8220; hover_enabled=&#8220;0&#8243; sticky_enabled=&#8220;0&#8243; box_shadow_style=&#8220;preset1&#8243; border_radii=&#8220;on|10px|10px|10px|10px&#8220;][\/et_pb_image][\/et_pb_column][et_pb_column type=&#8220;1_2&#8243; _builder_version=&#8220;4.16&#8243; _module_preset=&#8220;default&#8220; global_colors_info=&#8220;{}&#8220;][\/et_pb_column][\/et_pb_row][et_pb_row column_structure=&#8220;1_2,1_2&#8243; use_custom_gutter=&#8220;on&#8220; make_equal=&#8220;on&#8220; _builder_version=&#8220;4.16&#8243; _module_preset=&#8220;default&#8220; width=&#8220;100%&#8220; max_width=&#8220;2560px&#8220; custom_margin=&#8220;-200px||||false|false&#8220; global_colors_info=&#8220;{}&#8220;][et_pb_column type=&#8220;1_2&#8243; _builder_version=&#8220;4.16&#8243; _module_preset=&#8220;default&#8220; global_colors_info=&#8220;{}&#8220;][\/et_pb_column][et_pb_column type=&#8220;1_2&#8243; _builder_version=&#8220;4.16&#8243; _module_preset=&#8220;default&#8220; global_colors_info=&#8220;{}&#8220;][et_pb_text _builder_version=&#8220;4.16&#8243; _module_preset=&#8220;default&#8220; text_font=&#8220;Poppins|300|||||||&#8220; text_font_size=&#8220;22px&#8220; text_line_height=&#8220;1.5em&#8220; header_font=&#8220;Poppins||||||||&#8220; header_text_color=&#8220;#000000&#8243; header_2_font=&#8220;Poppins|200|||||||&#8220; header_2_text_color=&#8220;#000000&#8243; header_2_font_size=&#8220;68px&#8220; header_2_letter_spacing=&#8220;8px&#8220; header_2_line_height=&#8220;1.2em&#8220; text_orientation=&#8220;center&#8220; custom_margin=&#8220;-300px||||false|false&#8220; custom_margin_tablet=&#8220;-200px||||false|false&#8220; custom_margin_phone=&#8220;0px||0px||false|false&#8220; custom_margin_last_edited=&#8220;on|tablet&#8220; custom_padding=&#8220;|26px||26px|false|true&#8220; animation_style=&#8220;slide&#8220; animation_direction=&#8220;top&#8220; animation_duration=&#8220;1200ms&#8220; animation_intensity_slide=&#8220;7%&#8220; header_2_text_align_tablet=&#8220;&#8220; header_2_text_align_phone=&#8220;right&#8220; header_2_text_align_last_edited=&#8220;on|phone&#8220; header_2_font_size_tablet=&#8220;&#8220; header_2_font_size_phone=&#8220;62px&#8220; header_2_font_size_last_edited=&#8220;on|phone&#8220; header_2_letter_spacing_tablet=&#8220;8px&#8220; header_2_letter_spacing_phone=&#8220;2px&#8220; header_2_letter_spacing_last_edited=&#8220;on|phone&#8220; header_2_line_height_tablet=&#8220;1.2em&#8220; header_2_line_height_phone=&#8220;1.5em&#8220; header_2_line_height_last_edited=&#8220;on|phone&#8220; text_text_shadow_style=&#8220;preset3&#8243; text_text_shadow_blur_strength=&#8220;0.05em&#8220; border_color_top=&#8220;#E02B20&#8243; global_colors_info=&#8220;{}&#8220;]<\/p>\n<h2>Our <strong>Mission<\/strong> &amp; <strong>Values<\/strong><\/h2>\n<p>[\/et_pb_text][et_pb_divider color=&#8220;#E02B20&#8243; divider_weight=&#8220;9px&#8220; show_divider_tablet=&#8220;&#8220; show_divider_phone=&#8220;on&#8220; show_divider_last_edited=&#8220;on|desktop&#8220; divider_weight_tablet=&#8220;9px&#8220; divider_weight_phone=&#8220;10px&#8220; divider_weight_last_edited=&#8220;on|phone&#8220; disabled_on=&#8220;off|off|off&#8220; _builder_version=&#8220;4.16&#8243; _module_preset=&#8220;default&#8220; width=&#8220;51%&#8220; width_tablet=&#8220;51%&#8220; width_phone=&#8220;100%&#8220; width_last_edited=&#8220;on|phone&#8220; module_alignment=&#8220;center&#8220; height_tablet=&#8220;&#8220; height_phone=&#8220;&#8220; height_last_edited=&#8220;on|phone&#8220; custom_margin=&#8220;0px||20px||false|false&#8220; custom_margin_tablet=&#8220;&#8220; custom_margin_phone=&#8220;-8px||17px||false|false&#8220; custom_margin_last_edited=&#8220;on|desktop&#8220; custom_padding=&#8220;|26px||26px|false|true&#8220; animation_style=&#8220;slide&#8220; animation_direction=&#8220;left&#8220; animation_duration=&#8220;1600ms&#8220; animation_intensity_slide=&#8220;27%&#8220; module_alignment_tablet=&#8220;center&#8220; module_alignment_phone=&#8220;right&#8220; module_alignment_last_edited=&#8220;on|phone&#8220; global_colors_info=&#8220;{}&#8220;][\/et_pb_divider][et_pb_text _builder_version=&#8220;4.16&#8243; _module_preset=&#8220;default&#8220; text_font=&#8220;Arial||||||||&#8220; text_text_color=&#8220;#262626&#8243; text_font_size=&#8220;18px&#8220; header_font=&#8220;Poppins||||||||&#8220; header_2_font=&#8220;Poppins|200|||||||&#8220; header_2_font_size=&#8220;68px&#8220; header_2_letter_spacing=&#8220;9px&#8220; header_2_line_height=&#8220;1.8em&#8220; text_orientation=&#8220;center&#8220; custom_padding=&#8220;|26px|25px|26px|false|true&#8220; text_font_size_tablet=&#8220;&#8220; text_font_size_phone=&#8220;17px&#8220; text_font_size_last_edited=&#8220;on|phone&#8220; text_orientation_tablet=&#8220;center&#8220; text_orientation_phone=&#8220;right&#8220; text_orientation_last_edited=&#8220;on|phone&#8220; text_text_shadow_style=&#8220;preset3&#8243; text_text_shadow_blur_strength=&#8220;0.05em&#8220; border_color_top=&#8220;#E02B20&#8243; global_colors_info=&#8220;{}&#8220;]<\/p>\n<p>A long-term and good relationship with our customers is our top priority. This can only be achieved through a high level of commitment in the areas of advice, assembly and service. This is exactly what leads us to a mutual trusting basis, which is one thing in today's world of most valuable values is.<\/p>\n<p>[\/et_pb_text][\/et_pb_column][\/et_pb_row][\/et_pb_section][et_pb_section fb_built=&#8220;1&#8243; disabled_on=&#8220;off|off|off&#8220; _builder_version=&#8220;4.16&#8243; _module_preset=&#8220;default&#8220; background_color=&#8220;#f2f2f2&#8243; background_enable_image=&#8220;off&#8220; locked=&#8220;off&#8220; global_colors_info=&#8220;{}&#8220;][et_pb_row column_structure=&#8220;1_2,1_2&#8243; use_custom_gutter=&#8220;on&#8220; make_equal=&#8220;on&#8220; _builder_version=&#8220;4.16&#8243; _module_preset=&#8220;default&#8220; width=&#8220;100%&#8220; max_width=&#8220;2560px&#8220; custom_margin=&#8220;8px||-105px||false|false&#8220; custom_margin_tablet=&#8220;-201px||0px||false|false&#8220; custom_margin_phone=&#8220;-201px||0px||false|false&#8220; custom_margin_last_edited=&#8220;on|tablet&#8220; custom_padding=&#8220;0px||0px||false|false&#8220; global_colors_info=&#8220;{}&#8220;][et_pb_column type=&#8220;1_2&#8243; _builder_version=&#8220;4.16&#8243; _module_preset=&#8220;default&#8220; global_colors_info=&#8220;{}&#8220;][et_pb_text _builder_version=&#8220;4.16&#8243; _module_preset=&#8220;default&#8220; text_font=&#8220;Poppins|300|||||||&#8220; text_font_size=&#8220;22px&#8220; text_line_height=&#8220;1.5em&#8220; header_font=&#8220;Poppins||||||||&#8220; header_text_color=&#8220;#000000&#8243; header_2_font=&#8220;Poppins|200|||||||&#8220; header_2_text_color=&#8220;#000000&#8243; header_2_font_size=&#8220;68px&#8220; header_2_letter_spacing=&#8220;8px&#8220; header_2_line_height=&#8220;1.2em&#8220; text_orientation=&#8220;center&#8220; custom_margin=&#8220;350px||||false|false&#8220; custom_padding=&#8220;|0px||70px|false|false&#8220; animation_style=&#8220;slide&#8220; animation_direction=&#8220;top&#8220; animation_duration=&#8220;1200ms&#8220; animation_intensity_slide=&#8220;8%&#8220; header_2_text_align_tablet=&#8220;&#8220; header_2_text_align_phone=&#8220;left&#8220; header_2_text_align_last_edited=&#8220;on|phone&#8220; header_2_font_size_tablet=&#8220;&#8220; header_2_font_size_phone=&#8220;80px&#8220; header_2_font_size_last_edited=&#8220;on|phone&#8220; header_2_letter_spacing_tablet=&#8220;8px&#8220; header_2_letter_spacing_phone=&#8220;2px&#8220; header_2_letter_spacing_last_edited=&#8220;on|phone&#8220; header_2_line_height_tablet=&#8220;1.2em&#8220; header_2_line_height_phone=&#8220;1.2em&#8220; header_2_line_height_last_edited=&#8220;on|phone&#8220; text_text_shadow_style=&#8220;preset3&#8243; text_text_shadow_blur_strength=&#8220;0.05em&#8220; border_color_top=&#8220;#E02B20&#8243; global_colors_info=&#8220;{}&#8220;]<\/p>\n<h2>Our <strong>Team<\/strong><strong><\/strong><\/h2>\n<p>[\/et_pb_text][et_pb_divider color=&#8220;#E02B20&#8243; divider_weight=&#8220;9px&#8220; show_divider_tablet=&#8220;&#8220; show_divider_phone=&#8220;on&#8220; show_divider_last_edited=&#8220;on|desktop&#8220; divider_weight_tablet=&#8220;9px&#8220; divider_weight_phone=&#8220;10px&#8220; divider_weight_last_edited=&#8220;on|phone&#8220; disabled_on=&#8220;off|off|off&#8220; _builder_version=&#8220;4.16&#8243; _module_preset=&#8220;default&#8220; width=&#8220;51%&#8220; width_tablet=&#8220;51%&#8220; width_phone=&#8220;100%&#8220; width_last_edited=&#8220;on|phone&#8220; module_alignment=&#8220;center&#8220; height_tablet=&#8220;&#8220; height_phone=&#8220;&#8220; height_last_edited=&#8220;on|phone&#8220; custom_margin=&#8220;0px||20px||false|false&#8220; custom_margin_tablet=&#8220;&#8220; custom_margin_phone=&#8220;-8px||17px||false|false&#8220; custom_margin_last_edited=&#8220;on|desktop&#8220; custom_padding=&#8220;|0px||70px|false|false&#8220; animation_style=&#8220;slide&#8220; animation_direction=&#8220;left&#8220; animation_duration=&#8220;1600ms&#8220; animation_intensity_slide=&#8220;27%&#8220; module_alignment_tablet=&#8220;center&#8220; module_alignment_phone=&#8220;left&#8220; module_alignment_last_edited=&#8220;on|phone&#8220; global_colors_info=&#8220;{}&#8220;][\/et_pb_divider][et_pb_text _builder_version=&#8220;4.16&#8243; _module_preset=&#8220;default&#8220; text_font=&#8220;Arial||||||||&#8220; text_text_color=&#8220;#262626&#8243; text_font_size=&#8220;18px&#8220; header_font=&#8220;Poppins||||||||&#8220; header_2_font=&#8220;Poppins|200|||||||&#8220; header_2_font_size=&#8220;68px&#8220; header_2_letter_spacing=&#8220;9px&#8220; header_2_line_height=&#8220;1.8em&#8220; text_orientation=&#8220;center&#8220; custom_padding=&#8220;|26px||26px|false|true&#8220; text_font_size_tablet=&#8220;&#8220; text_font_size_phone=&#8220;17px&#8220; text_font_size_last_edited=&#8220;on|phone&#8220; text_orientation_tablet=&#8220;center&#8220; text_orientation_phone=&#8220;right&#8220; text_orientation_last_edited=&#8220;on|phone&#8220; text_text_shadow_style=&#8220;preset3&#8243; text_text_shadow_blur_strength=&#8220;0.05em&#8220; border_color_top=&#8220;#E02B20&#8243; global_colors_info=&#8220;{}&#8220;]<\/p>\n<p>Coolman was founded in Mannheim in 2019 by \u00d6mer Oral, who has over 10 years of extensive experience in the same industry. Coolman operates as a family company with a laser focus on building cooling systems that work reliably throughout Baden-W\u00fcrttemberg.<\/p>\n<p>[\/et_pb_text][\/et_pb_column][et_pb_column type=&#8220;1_2&#8243; _builder_version=&#8220;4.16&#8243; _module_preset=&#8220;default&#8220; global_colors_info=&#8220;{}&#8220;][et_pb_image src=&#8220;https:\/\/coolman-gmbh.de\/wp-content\/uploads\/2022\/01\/coolman-ad.png&#8220; title_text=&#8220;coolman-ad&#8220; show_bottom_space=&#8220;off&#8220; _builder_version=&#8220;4.16&#8243; _module_preset=&#8220;default&#8220; custom_margin=&#8220;0px||||false|false&#8220; custom_margin_tablet=&#8220;0px||||false|false&#8220; custom_margin_phone=&#8220;0px||||false|false&#8220; custom_margin_last_edited=&#8220;on|tablet&#8220; border_radii=&#8220;on|10px|10px|10px|10px&#8220; box_shadow_style=&#8220;preset1&#8243; global_colors_info=&#8220;{}&#8220;][\/et_pb_image][\/et_pb_column][\/et_pb_row][\/et_pb_section]<\/p>","protected":false},"excerpt":{"rendered":"<p>\u00dcber UnsF\u00fcr jede Art von Heizungs- oder K\u00fchlreparaturen in ganz Mannheim kann Coolman Ihnen helfen, die Arbeit gleich beim ersten Mal richtig und zum g\u00fcnstigsten Preis zu erledigen. Wir wollen flexibel mit unseren Kunden zusammenarbeiten und sicherstellen, dass deren Budgets eingehalten werden k\u00f6nnen. Selbst wenn Ihre Klimaanlage im ung\u00fcnstigsten Moment ausgefallen ist, k\u00f6nnen unsere Fachleute [&hellip;]<\/p>","protected":false},"author":2,"featured_media":0,"parent":0,"menu_order":0,"comment_status":"closed","ping_status":"closed","template":"","meta":{"_et_pb_use_builder":"on","_et_pb_old_content":"","_et_gb_content_width":"","footnotes":""},"class_list":["post-792","page","type-page","status-publish","hentry"],"_links":{"self":[{"href":"https:\/\/coolman-gmbh.de\/en\/wp-json\/wp\/v2\/pages\/792","targetHints":{"allow":["GET"]}}],"collection":[{"href":"https:\/\/coolman-gmbh.de\/en\/wp-json\/wp\/v2\/pages"}],"about":[{"href":"https:\/\/coolman-gmbh.de\/en\/wp-json\/wp\/v2\/types\/page"}],"author":[{"embeddable":true,"href":"https:\/\/coolman-gmbh.de\/en\/wp-json\/wp\/v2\/users\/2"}],"replies":[{"embeddable":true,"href":"https:\/\/coolman-gmbh.de\/en\/wp-json\/wp\/v2\/comments?post=792"}],"version-history":[{"count":52,"href":"https:\/\/coolman-gmbh.de\/en\/wp-json\/wp\/v2\/pages\/792\/revisions"}],"predecessor-version":[{"id":26229,"href":"https:\/\/coolman-gmbh.de\/en\/wp-json\/wp\/v2\/pages\/792\/revisions\/26229"}],"wp:attachment":[{"href":"https:\/\/coolman-gmbh.de\/en\/wp-json\/wp\/v2\/media?parent=792"}],"curies":[{"name":"wp","href":"https:\/\/api.w.org\/{rel}","templated":true}]}}